{"id":3,"date":"2025-10-24T19:53:28","date_gmt":"2025-10-24T19:53:28","guid":{"rendered":"http:\/\/nevebienestar.com\/?page_id=3"},"modified":"2026-01-15T13:52:26","modified_gmt":"2026-01-15T18:52:26","slug":"politica-de-privacidad","status":"publish","type":"page","link":"https:\/\/nevebienestar.com\/en\/politica-de-privacidad\/","title":{"rendered":"Privacy Policy"},"content":{"rendered":"<style>.elementor-3 .elementor-element.elementor-element-3a2d443e{--display:flex;}.elementor-3 .elementor-element.elementor-element-b4597b6{--display:flex;--min-height:50vh;--flex-direction:column;--container-widget-width:calc( ( 1 - var( --container-widget-flex-grow ) ) * 100% );--container-widget-height:initial;--container-widget-flex-grow:0;--container-widget-align-self:initial;--flex-wrap-mobile:wrap;--justify-content:center;--align-items:center;--overlay-opacity:0.6;--margin-top:-185px;--margin-bottom:0px;--margin-left:0px;--margin-right:0px;--padding-top:100px;--padding-bottom:0px;--padding-left:0px;--padding-right:0px;}.elementor-3 .elementor-element.elementor-element-b4597b6:not(.elementor-motion-effects-element-type-background), .elementor-3 .elementor-element.elementor-element-b4597b6 > .elementor-motion-effects-container > .elementor-motion-effects-layer{background-image:url(\"https:\/\/nevebienestar.com\/wp-content\/uploads\/2025\/11\/images-PH2866T.jpg\");background-position:top center;background-size:cover;}.elementor-3 .elementor-element.elementor-element-b4597b6::before, .elementor-3 .elementor-element.elementor-element-b4597b6 > .elementor-background-video-container::before, .elementor-3 .elementor-element.elementor-element-b4597b6 > .e-con-inner > .elementor-background-video-container::before, .elementor-3 .elementor-element.elementor-element-b4597b6 > .elementor-background-slideshow::before, .elementor-3 .elementor-element.elementor-element-b4597b6 > .e-con-inner > .elementor-background-slideshow::before, .elementor-3 .elementor-element.elementor-element-b4597b6 > .elementor-motion-effects-container > .elementor-motion-effects-layer::before{background-color:var( --e-global-color-text );--background-overlay:'';}.elementor-3 .elementor-element.elementor-element-bfd3612{--display:flex;--gap:16px 16px;--row-gap:16px;--column-gap:16px;--margin-top:0px;--margin-bottom:0px;--margin-left:0px;--margin-right:0px;--padding-top:0px;--padding-bottom:0px;--padding-left:0px;--padding-right:0px;}.elementor-3 .elementor-element.elementor-element-606d46d{text-align:center;}.elementor-3 .elementor-element.elementor-element-606d46d .elementor-heading-title{font-family:var( --e-global-typography-5d11618-font-family ), Sans-serif;font-size:var( --e-global-typography-5d11618-font-size );font-weight:var( --e-global-typography-5d11618-font-weight );text-transform:var( --e-global-typography-5d11618-text-transform );line-height:var( --e-global-typography-5d11618-line-height );letter-spacing:var( --e-global-typography-5d11618-letter-spacing );color:var( --e-global-color-accent );}.elementor-3 .elementor-element.elementor-element-65df32f{--display:flex;}@media(min-width:768px){.elementor-3 .elementor-element.elementor-element-bfd3612{--width:70%;}}@media(max-width:1024px){.elementor-3 .elementor-element.elementor-element-b4597b6{--min-height:60vh;}.elementor-3 .elementor-element.elementor-element-606d46d .elementor-heading-title{font-size:var( --e-global-typography-5d11618-font-size );line-height:var( --e-global-typography-5d11618-line-height );letter-spacing:var( --e-global-typography-5d11618-letter-spacing );}}@media(max-width:767px){.elementor-3 .elementor-element.elementor-element-b4597b6{--min-height:50vh;}.elementor-3 .elementor-element.elementor-element-bfd3612{--width:80%;}.elementor-3 .elementor-element.elementor-element-606d46d .elementor-heading-title{font-size:var( --e-global-typography-5d11618-font-size );line-height:var( --e-global-typography-5d11618-line-height );letter-spacing:var( --e-global-typography-5d11618-letter-spacing );}}<\/style>\t\t<div data-elementor-type=\"wp-page\" data-elementor-id=\"3\" class=\"elementor elementor-3\" data-elementor-post-type=\"page\">\n\t\t\t\t<div class=\"elementor-element elementor-element-3a2d443e e-flex e-con-boxed e-con e-parent\" data-id=\"3a2d443e\" data-element_type=\"container\">\n\t\t\t\t\t<div class=\"e-con-inner\">\n\t\t\t\t<div class=\"elementor-element elementor-element-30575b3 elementor-widget elementor-widget-text-editor\" data-id=\"30575b3\" data-element_type=\"widget\" data-widget_type=\"text-editor.default\">\n\t\t\t\t\t\t\t\t\t\n<h2 class=\"wp-block-heading\"><\/h2>\n\t\t\t\t\t\t\t\t<\/div>\n\t\t\t\t\t<\/div>\n\t\t\t\t<\/div>\n\t\t<div class=\"elementor-element elementor-element-b4597b6 e-flex e-con-boxed e-con e-parent\" data-id=\"b4597b6\" data-element_type=\"container\" data-settings=\"{&quot;background_background&quot;:&quot;classic&quot;}\">\n\t\t\t\t\t<div class=\"e-con-inner\">\n\t\t<div class=\"elementor-element elementor-element-bfd3612 e-con-full animated-slow e-flex elementor-invisible e-con e-child\" data-id=\"bfd3612\" data-element_type=\"container\" data-settings=\"{&quot;animation&quot;:&quot;fadeIn&quot;}\">\n\t\t\t\t<div class=\"elementor-element elementor-element-606d46d elementor-widget elementor-widget-heading\" data-id=\"606d46d\" data-element_type=\"widget\" data-widget_type=\"heading.default\">\n\t\t\t\t\t<h1 class=\"elementor-heading-title elementor-size-default\">Privacy Policy<\/h1>\t\t\t\t<\/div>\n\t\t\t\t<\/div>\n\t\t\t\t\t<\/div>\n\t\t\t\t<\/div>\n\t\t<div class=\"elementor-element elementor-element-65df32f e-flex e-con-boxed e-con e-parent\" data-id=\"65df32f\" data-element_type=\"container\">\n\t\t\t\t\t<div class=\"e-con-inner\">\n\t\t\t\t<div class=\"elementor-element elementor-element-32de492 elementor-widget elementor-widget-text-editor\" data-id=\"32de492\" data-element_type=\"widget\" data-widget_type=\"text-editor.default\">\n\t\t\t\t\t\t\t\t\t<div>In compliance with the provisions of Law 1581 of 2012, Decree 1377 of 2013 and other concordant rules on personal data protection in Colombia, Nev\u00e9 Bienestar Integral informs users, patients, allies and visitors of the website www.nevebienestar.com the policies applicable to the processing of their personal data.<\/div>\n<div>\u00a0<\/div>\n<div>The protection of our patients' and users' personal and sensitive information is a fundamental principle of our philosophy of well-being, ethics and confidentiality.<\/div>\n<div>\u00a0<\/div>\n<h5>1. Data controller<\/h5>\n<div><strong>Responsible:<\/strong> Nev\u00e9 Wellness Integral<\/div>\n<div><strong>Website:<\/strong> <span style=\"text-decoration: underline;\"><a href=\"https:\/\/nevebienestar.com\/en\/\">www.nevebienestar.com<\/a><\/span><\/div>\n<div><strong>Contact channel:<\/strong> <span style=\"text-decoration: underline;\"><a href=\"https:\/\/nevebienestar.com\/en\/contactanos\/\">Contact Form<\/a><\/span> available on the website<\/div>\n<div>\u00a0<\/div>\n<div>Nev\u00e9 Bienestar Integral will be responsible for the treatment of personal data collected through its website, digital channels, physical forms, medical records, appointment scheduling and other authorized means.<\/div>\n<div>\u00a0<\/div>\n<h5>2. Personal data collected<\/h5>\n<div>Nev\u00e9 Bienestar Integral may collect and process the following types of data:<\/div>\n<div>- Identification data (name, identity document, date of birth).<\/div>\n<div>- Contact information (telephone, e-mail, address).<\/div>\n<div>- Demographic and administrative data.<\/div>\n<div>- Sensitive and health data, such as medical history, clinical information, treatments, diagnoses, images, examinations and medical evolution.<\/div>\n<div>- Payment and billing information, where applicable.<\/div>\n<div>- Website navigation data (IP address, browser type, cookies, access logs).<\/div>\n<div>\u00a0<\/div>\n<h5>3. Purposes of treatment<\/h5>\n<div>Personal data will be processed for the following purposes:<\/div>\n<div>- Manage scheduling, confirmation and follow-up of medical and wellness appointments.<\/div>\n<div>- To provide health, wellness and clinical care services.<\/div>\n<div>- Prepare, keep and update medical records in accordance with current regulations.<\/div>\n<div>- Follow up on treatments, medical evolution and quality control of the service.<\/div>\n<div>- Comply with legal, contractual, accounting and regulatory obligations.<\/div>\n<div>- Send information related to services, wellness campaigns, reminders and institutional communications (prior authorization of the owner).<\/div>\n<div>- Improve the user experience on the website and perform statistical analysis.<\/div>\n<div>- Attend to requests, complaints, claims and inquiries.<\/div>\n<div>\u00a0<\/div>\n<h5>4. Processing of sensitive data<\/h5>\n<div>Nev\u00e9 Bienestar Integral recognizes that health-related data are sensitive data and, therefore, their treatment is carried out with strict security measures, confidentiality and professional ethics.<\/div>\n<div>\u00a0<\/div>\n<div>The processing of sensitive data will be carried out only when:<\/div>\n<div>- The owner has given his explicit, informed and prior authorization.<\/div>\n<div>- Is necessary for the provision of health services.<\/div>\n<div>- Is required by a legal obligation or competent authority.<\/div>\n<div>\u00a0<\/div>\n<div>The holder is not obliged to authorize the processing of sensitive data; however, failure to do so may limit the proper provision of health services.<\/div>\n<div>\u00a0<\/div>\n<h5>5. Rights of the owners<\/h5>\n<div>According to Law 1581 of 2012, the holders of personal data have the right to:<\/div>\n<div>- Know, update and rectify your personal data.<\/div>\n<div>- Request proof of the authorization granted.<\/div>\n<div>- Be informed about the use that has been made of their data.<\/div>\n<div>- File complaints before the Superintendence of Industry and Commerce (SIC).<\/div>\n<div>- To revoke the authorization and\/or request the deletion of the data when there is no legal or contractual duty.<\/div>\n<div>-Free access to your personal data.<\/div>\n<div>\u00a0<\/div>\n<h5>6. Holder's authorization<\/h5>\n<div>The collection and processing of personal data will be carried out with the prior authorization of the owner, which may be granted in writing, verbally or through digital means, including web forms, informed consent and clinical documents.<\/div>\n<div>\u00a0<\/div>\n<div>In the case of patients, authorization is an integral part of the process of care and informed consent for the provision of health services.<\/div>\n<div>\u00a0<\/div>\n<h5>7. Information security<\/h5>\n<div>Nev\u00e9 Bienestar Integral implements reasonable technical, human and administrative measures to protect personal data against loss, unauthorized access, alteration or improper disclosure, especially clinical and sensitive patient information.<\/div>\n<div>\u00a0<\/div>\n<h5>8. Use of cookies<\/h5>\n<div>The website www.nevebienestar.com uses cookies to improve the browsing experience, analyze site traffic and personalize content. The user can configure their browser to accept or reject the use of cookies.<\/div>\n<div>\u00a0<\/div>\n<h5>9. Validity and updating of the policy<\/h5>\n<div>This policy is effective as of its publication. Nev\u00e9 Bienestar Integral may modify it at any time; updates will be informed and published on the website.<\/div>\n<div>\u00a0<\/div>\n<h5>10. Contact<\/h5>\n<div>For inquiries, requests or complaints related to the processing of personal data, you can contact us through the contact form available at<span style=\"text-decoration: underline;\"><a href=\"https:\/\/nevebienestar.com\/en\/\"> www.nevebienestar.com<\/a><\/span>.<\/div>\t\t\t\t\t\t\t\t<\/div>\n\t\t\t\t\t<\/div>\n\t\t\t\t<\/div>\n\t\t\t\t<\/div>","protected":false},"excerpt":{"rendered":"<p>Pol\u00edtica de Privacidad En cumplimiento de lo dispuesto en la Ley 1581 de 2012, el Decreto 1377 de 2013 y dem\u00e1s normas concordantes sobre protecci\u00f3n de datos personales en Colombia, Nev\u00e9 Bienestar Integral informa a los usuarios, pacientes, aliados y visitantes del sitio web www.nevebienestar.com las pol\u00edticas aplicables al tratamiento de sus datos personales. \u00a0 [&hellip;]<\/p>","protected":false},"author":1,"featured_media":0,"parent":0,"menu_order":0,"comment_status":"closed","ping_status":"open","template":"","meta":{"_joinchat":[],"footnotes":""},"class_list":["post-3","page","type-page","status-publish","hentry"],"_links":{"self":[{"href":"https:\/\/nevebienestar.com\/en\/wp-json\/wp\/v2\/pages\/3","targetHints":{"allow":["GET"]}}],"collection":[{"href":"https:\/\/nevebienestar.com\/en\/wp-json\/wp\/v2\/pages"}],"about":[{"href":"https:\/\/nevebienestar.com\/en\/wp-json\/wp\/v2\/types\/page"}],"author":[{"embeddable":true,"href":"https:\/\/nevebienestar.com\/en\/wp-json\/wp\/v2\/users\/1"}],"replies":[{"embeddable":true,"href":"https:\/\/nevebienestar.com\/en\/wp-json\/wp\/v2\/comments?post=3"}],"version-history":[{"count":16,"href":"https:\/\/nevebienestar.com\/en\/wp-json\/wp\/v2\/pages\/3\/revisions"}],"predecessor-version":[{"id":517,"href":"https:\/\/nevebienestar.com\/en\/wp-json\/wp\/v2\/pages\/3\/revisions\/517"}],"wp:attachment":[{"href":"https:\/\/nevebienestar.com\/en\/wp-json\/wp\/v2\/media?parent=3"}],"curies":[{"name":"wp","href":"https:\/\/api.w.org\/{rel}","templated":true}]}}